{"id":114,"date":"2013-02-02T21:25:51","date_gmt":"2013-02-02T19:25:51","guid":{"rendered":"http:\/\/www.hannusalonen.net\/blog\/?page_id=114"},"modified":"2017-09-10T10:24:52","modified_gmt":"2017-09-10T07:24:52","slug":"info-about","status":"publish","type":"page","link":"http:\/\/www.hannusalonen.net\/blog\/info-about\/","title":{"rendered":"Info \/ about"},"content":{"rendered":"<p>Etusivulle tulevat postaukset ja p\u00e4ivitykset.<a href=\"http:\/\/www.hannusalonen.net\/blog\/wp-content\/uploads\/2013\/02\/3-Kuvaaja-Saanalla-1.jpg\"><img loading=\"lazy\" decoding=\"async\" width=\"300\" height=\"213\" class=\"size-medium wp-image-159 alignright\" alt=\"Hannu\" src=\"http:\/\/www.hannusalonen.net\/blog\/wp-content\/uploads\/2013\/02\/3-Kuvaaja-Saanalla-1-300x213.jpg\" srcset=\"http:\/\/www.hannusalonen.net\/blog\/wp-content\/uploads\/2013\/02\/3-Kuvaaja-Saanalla-1-300x213.jpg 300w, http:\/\/www.hannusalonen.net\/blog\/wp-content\/uploads\/2013\/02\/3-Kuvaaja-Saanalla-1.jpg 800w\" sizes=\"auto, (max-width: 300px) 100vw, 300px\" \/><\/a><\/p>\n<p>Galleriasta&nbsp;saavat paikkansa&nbsp;mielest\u00e4ni hyv\u00e4t ruudut.<\/p>\n<p>Jos tunnet tarvetta saada valokuvatuksi tilaisuutesi, juhlasi, lapsesi tai mit\u00e4<br \/>\ntahansa, niin ota yhteytt\u00e4. Yhteydenotot s\u00e4hk\u00f6postilla osoitteesta: hannu [at] hannusalonen.net<\/p>\n<p>&nbsp;<\/p>\n","protected":false},"excerpt":{"rendered":"<p>Etusivulle tulevat postaukset ja p\u00e4ivitykset. Galleriasta&nbsp;saavat paikkansa&nbsp;mielest\u00e4ni hyv\u00e4t ruudut. Jos tunnet tarvetta saada valokuvatuksi tilaisuutesi, juhlasi, lapsesi tai mit\u00e4 tahansa, niin ota yhteytt\u00e4. Yhteydenotot s\u00e4hk\u00f6postilla osoitteesta: hannu [at] hannusalonen.net &nbsp;<\/p>\n","protected":false},"author":1,"featured_media":0,"parent":0,"menu_order":0,"comment_status":"open","ping_status":"open","template":"","meta":{"footnotes":""},"class_list":["post-114","page","type-page","status-publish","hentry"],"_links":{"self":[{"href":"http:\/\/www.hannusalonen.net\/blog\/wp-json\/wp\/v2\/pages\/114","targetHints":{"allow":["GET"]}}],"collection":[{"href":"http:\/\/www.hannusalonen.net\/blog\/wp-json\/wp\/v2\/pages"}],"about":[{"href":"http:\/\/www.hannusalonen.net\/blog\/wp-json\/wp\/v2\/types\/page"}],"author":[{"embeddable":true,"href":"http:\/\/www.hannusalonen.net\/blog\/wp-json\/wp\/v2\/users\/1"}],"replies":[{"embeddable":true,"href":"http:\/\/www.hannusalonen.net\/blog\/wp-json\/wp\/v2\/comments?post=114"}],"version-history":[{"count":6,"href":"http:\/\/www.hannusalonen.net\/blog\/wp-json\/wp\/v2\/pages\/114\/revisions"}],"predecessor-version":[{"id":1267,"href":"http:\/\/www.hannusalonen.net\/blog\/wp-json\/wp\/v2\/pages\/114\/revisions\/1267"}],"wp:attachment":[{"href":"http:\/\/www.hannusalonen.net\/blog\/wp-json\/wp\/v2\/media?parent=114"}],"curies":[{"name":"wp","href":"https:\/\/api.w.org\/{rel}","templated":true}]}}